{"id":333,"date":"2019-05-23T09:50:45","date_gmt":"2019-05-23T07:50:45","guid":{"rendered":"http:\/\/bauer.abson.cz\/?page_id=333"},"modified":"2024-02-28T13:55:23","modified_gmt":"2024-02-28T12:55:23","slug":"pro-rodice","status":"publish","type":"page","link":"https:\/\/bauersolution.cz\/de\/pro-rodice\/","title":{"rendered":"F\u00dcR FAHRER"},"content":{"rendered":"\n<div class=\"wp-block-media-text alignwide is-stacked-on-mobile is-image-fill\"><figure class=\"wp-block-media-text__media\" style=\"background-image:url(https:\/\/bauersolution.cz\/wp-content\/uploads\/2020\/09\/Kariera02-2-1024x683.jpg);background-position:50% 50%\"><img loading=\"lazy\" decoding=\"async\" width=\"1024\" height=\"683\" src=\"https:\/\/bauersolution.cz\/wp-content\/uploads\/2020\/09\/Kariera02-2-1024x683.jpg\" alt=\"\" class=\"wp-image-957\" srcset=\"https:\/\/bauersolution.cz\/wp-content\/uploads\/2020\/09\/Kariera02-2-1024x683.jpg 1024w, https:\/\/bauersolution.cz\/wp-content\/uploads\/2020\/09\/Kariera02-2-2048x1365.jpg 2048w, https:\/\/bauersolution.cz\/wp-content\/uploads\/2020\/09\/Kariera02-2-300x200.jpg 300w, https:\/\/bauersolution.cz\/wp-content\/uploads\/2020\/09\/Kariera02-2-768x512.jpg 768w, https:\/\/bauersolution.cz\/wp-content\/uploads\/2020\/09\/Kariera02-2-1536x1024.jpg 1536w\" sizes=\"auto, (max-width: 1024px) 100vw, 1024px\" \/><\/figure><div class=\"wp-block-media-text__content\">\n<p>BAUER Solution s.r.o. ist spezialisiert auf BDF-Transport. Transport von Tauschk\u00f6rpern. Wir versorgen diese Transporte mit Transporttechnologie: einen LKW mit einem klassischen zweiachsigen Lift mit Deichsel.<\/p>\n\n\n\n<p>Wir haben keine Tandemverbindung, die f\u00fcr diese Art von Transport nicht geeignet ist, in unserem Portfolio an Transporttechnologien.<\/p>\n\n\n\n<p>Es ist bekannt, dass die Bedienung dieses Sets f\u00fcr den Fahrer schwieriger ist. Wenn der Fahrer jedoch lernt, diese Technologie zu manipulieren, wird er die Benutzerfreundlichkeit und den Komfort bei der Arbeit zu sch\u00e4tzen wissen. Unser Unternehmen verf\u00fcgt \u00fcber umfangreiche Erfahrung in der Ausbildung von Fahrern, die zum ersten Mal ein Auto mit einem klassischen Schlepptau gefahren sind. Dank unseres Ansatzes und der Geduld eines ausgebildeten Fahrers k\u00f6nnen wir den neuen Fahrer in kurzer Zeit selbst\u00e4ndig in Betrieb nehmen.<\/p>\n\n\n\n<p>Unser Unternehmen bestellt derzeit nur neue LUXUS Mercedes Benz Transporttechnik. Da wir auf die Gr\u00fcndung eines Premium-Transportunternehmens achten, statten wir Fahrzeuge und Anschl\u00fcsse mit vielen Bildzubeh\u00f6rteilen aus.<\/p>\n\n\n\n<p>Dank dieser neu festgelegten Strategie vertrauen wir das Fahrzeug nur dem Fahrer an, der eine positive Einstellung zur Arbeit hat. Wir warten nicht auf Fahrer, die diesen Beruf aus\u00fcben, sondern nur auf die M\u00f6glichkeit eines besseren Einkommens.<\/p>\n\n\n\n<p>Kein Grund zur Sorge, Sie m\u00fcssen einen nat\u00fcrlichen Respekt und den Wunsch haben zu lernen, was nur wenige Fahrer k\u00f6nnen &#8230;<\/p>\n\n\n\n<p>Jan Bauer<\/p>\n<\/div><\/div>\n","protected":false},"excerpt":{"rendered":"<p>BAUER Solution s.r.o. ist spezialisiert auf BDF-Transport. Transport von Tauschk\u00f6rpern. Wir versorgen diese Transporte mit Transporttechnologie: einen LKW mit einem klassischen zweiachsigen Lift mit Deichsel. Wir haben keine Tandemverbindung, die f\u00fcr diese Art von Transport nicht geeignet ist, in unserem Portfolio an Transporttechnologien. Es ist bekannt, dass die Bedienung dieses Sets f\u00fcr den Fahrer schwieriger [&hellip;]<\/p>\n","protected":false},"author":1,"featured_media":0,"parent":0,"menu_order":1,"comment_status":"closed","ping_status":"closed","template":"","meta":{"footnotes":""},"class_list":["post-333","page","type-page","status-publish","hentry"],"_links":{"self":[{"href":"https:\/\/bauersolution.cz\/de\/wp-json\/wp\/v2\/pages\/333","targetHints":{"allow":["GET"]}}],"collection":[{"href":"https:\/\/bauersolution.cz\/de\/wp-json\/wp\/v2\/pages"}],"about":[{"href":"https:\/\/bauersolution.cz\/de\/wp-json\/wp\/v2\/types\/page"}],"author":[{"embeddable":true,"href":"https:\/\/bauersolution.cz\/de\/wp-json\/wp\/v2\/users\/1"}],"replies":[{"embeddable":true,"href":"https:\/\/bauersolution.cz\/de\/wp-json\/wp\/v2\/comments?post=333"}],"version-history":[{"count":30,"href":"https:\/\/bauersolution.cz\/de\/wp-json\/wp\/v2\/pages\/333\/revisions"}],"predecessor-version":[{"id":1650,"href":"https:\/\/bauersolution.cz\/de\/wp-json\/wp\/v2\/pages\/333\/revisions\/1650"}],"wp:attachment":[{"href":"https:\/\/bauersolution.cz\/de\/wp-json\/wp\/v2\/media?parent=333"}],"curies":[{"name":"wp","href":"https:\/\/api.w.org\/{rel}","templated":true}]}}