{"id":5,"date":"2019-02-25T12:14:06","date_gmt":"2019-02-25T11:14:06","guid":{"rendered":"http:\/\/localhost\/bauer\/?page_id=5"},"modified":"2025-05-06T13:05:52","modified_gmt":"2025-05-06T11:05:52","slug":"uvod","status":"publish","type":"page","link":"https:\/\/bauersolution.cz\/de\/","title":{"rendered":"EINF\u00dcHRUNG"},"content":{"rendered":"\n<div style=\"height:50px\" aria-hidden=\"true\" class=\"wp-block-spacer\"><\/div>\n\n\n\n<h2 class=\"wp-block-heading\">UNSERE DIENSTLEISTUNGEN<\/h2>\n\n\n\n        <ul class=\"service_slide\">\r\n                    <li>\r\n                <span class=\"main_img\" style=\"background-image: url('https:\/\/bauersolution.cz\/wp-content\/uploads\/2020\/08\/0872ebcf-6d39-4023-9b47-58c40e6249ee-1024x768.jpeg')\">\r\n                    <a class=\"flop\" href=\"https:\/\/bauersolution.cz\/de\/service\/prevozy-wb\/\"><i class=\"flaticon-download\"><\/i><\/a>\r\n                <\/span>\r\n                <h3 class=\"service_title\">WB-TRANSPORT (HOF LOGISTIK)<\/h3>\r\n                <span class=\"desc\">Wir sorgen f\u00fcr einen reibungslosen Austausch von vollen \/ leeren Containern und deren...<\/span>\r\n            <\/li>\r\n                    <li>\r\n                <span class=\"main_img\" style=\"background-image: url('https:\/\/bauersolution.cz\/wp-content\/uploads\/2019\/02\/Griffin-3-1024x768.jpeg')\">\r\n                    <a class=\"flop\" href=\"https:\/\/bauersolution.cz\/de\/service\/prepravy-bdf\/\"><i class=\"flaticon-download\"><\/i><\/a>\r\n                <\/span>\r\n                <h3 class=\"service_title\">BDF-TRANSPORT<\/h3>\r\n                <span class=\"desc\">Das Unternehmen verf\u00fcgt derzeit \u00fcber 11 Tr\u00e4ger austauschbarer Aufbauten mit Anh\u00e4ngern (BDF). Wir...<\/span>\r\n            <\/li>\r\n                    <li>\r\n                <span class=\"main_img\" style=\"background-image: url('https:\/\/bauersolution.cz\/wp-content\/uploads\/2019\/02\/47d25017-9a2d-442c-943b-5f662fbb1844-1024x633.jpeg')\">\r\n                    <a class=\"flop\" href=\"https:\/\/bauersolution.cz\/de\/service\/skladovani\/\"><i class=\"flaticon-download\"><\/i><\/a>\r\n                <\/span>\r\n                <h3 class=\"service_title\">LAGER<\/h3>\r\n                <span class=\"desc\">Suchen Sie R\u00e4umlichkeiten f\u00fcr die regelm\u00e4\u00dfige oder einmalige Lagerung von Waren oder Materialien?...<\/span>\r\n            <\/li>\r\n                <\/ul>\r\n        <script>\r\n            $(document).ready(function(){\r\n                $('.service_slide').slick({\r\n                    slidesToShow: 4,\r\n                    slidesToScroll: 1,\r\n                    autoplay: true,\r\n                    arrows: true,\r\n                    responsive: [\r\n                        {\r\n                            breakpoint: 1050,\r\n                            settings: {\r\n                                slidesToShow: 3\r\n                            }\r\n                        },\r\n                        {\r\n                            breakpoint: 800,\r\n                            settings: {\r\n                                slidesToShow: 2\r\n                            }\r\n                        },\r\n                        {\r\n                            breakpoint: 600,\r\n                            settings: {\r\n                                slidesToShow: 1\r\n                            }\r\n                        }\r\n                    ]\r\n                });\r\n            });\r\n        <\/script>\r\n        \n\n\n\n<div style=\"height:40px\" aria-hidden=\"true\" class=\"wp-block-spacer\"><\/div>\n\n\n\n<div style=\"height:80px\" aria-hidden=\"true\" class=\"wp-block-spacer\"><\/div>\n\n\n\n<div class=\"wp-block-media-text alignwide is-stacked-on-mobile is-image-fill\"><figure class=\"wp-block-media-text__media\" style=\"background-image:url(https:\/\/bauersolution.cz\/wp-content\/uploads\/2021\/05\/WhatsApp-Image-2021-05-10-at-14.53.34-768x1024.jpeg);background-position:50% 50%\"><img decoding=\"async\" src=\"https:\/\/bauersolution.cz\/wp-content\/uploads\/2021\/05\/WhatsApp-Image-2021-05-10-at-14.53.34-768x1024.jpeg\" alt=\"\" class=\"wp-image-1134\"\/><\/figure><div class=\"wp-block-media-text__content\">\n<div style=\"height:100px\" aria-hidden=\"true\" class=\"wp-block-spacer\"><\/div>\n\n\n\n<h2 class=\"wp-block-heading\">BAUER SOLUTION<\/h2>\n\n\n\n<p>Willkommen auf der Website von BAUER Solution s.r.o..<\/p>\n\n\n\n<p>Wir bieten hochwertige Lagerdienstleistungen und den BDF-Transport.<\/p>\n\n\n\n<p>Die Geschichte des Unternehmens reicht bis Februar 2015 zur\u00fcck. Unsere erste Hauptt\u00e4tigkeit war die Lagerung und Konsolidierung von Waren. Zusammen mit den Lagerdienstleistungen haben wir Transport- und Speditionsdienstleistungen im Bereich St\u00fcckguttransport und BDF-Transport entwickelt. Aufgrund der instabilen Marktsituation haben wir beschlossen, die Speditionen einzustellen und den Transport von St\u00fccksendungen zu beschr\u00e4nken. Derzeit besch\u00e4ftigen wir uns ausschlie\u00dflich mit dem BDF-Transport.<\/p>\n\n\n\n<p>Unser Unternehmen entwickelt und gewinnt neue Transportauftr\u00e4ge, erneuert seinen Fuhrpark und erwirbt neue Transportmittel.<\/p>\n\n\n\n<p>Wir k\u00f6nnen uns auf hochqualifizierte Mitarbeiter verlassen, die mit ihrem Fachwissen, ihrer Ausbildung, ihrem Flei\u00df und ihrer Loyalit\u00e4t ein gro\u00dfartiges Arbeitsumfeld schaffen.<\/p>\n\n\n\n<div style=\"height:100px\" aria-hidden=\"true\" class=\"wp-block-spacer\"><\/div>\n<\/div><\/div>\n\n\n\n<div style=\"height:80px\" aria-hidden=\"true\" class=\"wp-block-spacer\"><\/div>\n\n\n\n<h2 class=\"wp-block-heading\"><br>NACHRICHTEN<\/h2>\n\n\n\n        <ul class=\"news_box\">\r\n                            <li style=\"background-image: url('https:\/\/bauersolution.cz\/wp-content\/uploads\/2026\/03\/\ud83d\ude9b\u26a1-Ein-besonderer-Moment-bei-AutoMuller-CharterWayHeute-durfte-ich-den-neuen-Mercedes-Benz-Actr-1024x768.jpg'\">\r\n                    <a href=\"https:\/\/bauersolution.cz\/de\/news\/novy-elektricky-mercedes-benz-eactros-600-midi-wechsler-je-u-nas\/\">\r\n                        <div class=\"info_box\">\r\n                            <h3 class=\"news_title\">Nov\u00fd elektrick\u00fd Mercedes-Benz eActros 600 Midi Wechsler je u n\u00e1s!<\/h3>\r\n                            <p class=\"desc\">P\u0159evzali jsme ho od AutoM\u00fcller CharterWay \u2013 modern\u00ed, efektivn\u00ed a...<\/p>\r\n                        <\/div>\r\n                    <\/a>\r\n                <\/li>\r\n                            <li style=\"background-image: url('https:\/\/bauersolution.cz\/wp-content\/uploads\/2026\/01\/stream-cover-1024x576.jpg'\">\r\n                    <a href=\"https:\/\/bauersolution.cz\/de\/news\/hledame-nove-kolegy-a-zamestnance-do-naseho-tymu\/\">\r\n                        <div class=\"info_box\">\r\n                            <h3 class=\"news_title\">Hled\u00e1me nov\u00e9 kolegy a zam\u011bstnance do na\u0161eho t\u00fdmu!<\/h3>\r\n                            <p class=\"desc\">Voln\u00e9 pozice: \u0158idi\u010d sk. C+E \u2013 dvoupos\u00e1dka \u0158idi\u010d sk. C+E...<\/p>\r\n                        <\/div>\r\n                    <\/a>\r\n                <\/li>\r\n                            <li style=\"background-image: url('https:\/\/bauersolution.cz\/wp-content\/uploads\/2025\/09\/P1799448-1024x869.jpg'\">\r\n                    <a href=\"https:\/\/bauersolution.cz\/de\/news\/zakonceni-leta-a-oslava-10-let-od-zalozeni-firmy-bauer-solution\/\">\r\n                        <div class=\"info_box\">\r\n                            <h3 class=\"news_title\">Zakon\u010den\u00ed l\u00e9ta a oslava 10 let od zalo\u017een\u00ed firmy Bauer Solution<\/h3>\r\n                            <p class=\"desc\">V\u010dera (6. 9. 2025) jsme si to opravdu v\u0161ichni u\u017eili!...<\/p>\r\n                        <\/div>\r\n                    <\/a>\r\n                <\/li>\r\n                            <li style=\"background-image: url('https:\/\/bauersolution.cz\/wp-content\/uploads\/2025\/05\/366e7d37-c912-4efd-bb32-23e5f58c13cb-1024x678.jpg'\">\r\n                    <a href=\"https:\/\/bauersolution.cz\/de\/news\/dobrocinna-akce-kamiony-na-depu-pro-samika\/\">\r\n                        <div class=\"info_box\">\r\n                            <h3 class=\"news_title\">Dobro\u010dinn\u00e1 akce: Kamiony na depu pro Sam\u00edka!<\/h3>\r\n                            <p class=\"desc\">Z\u00fa\u010dastnili jsme se dobro\u010dinn\u00e9 akce Kamiony na depu, kter\u00e1 p\u0159isp\u00edv\u00e1...<\/p>\r\n                        <\/div>\r\n                    <\/a>\r\n                <\/li>\r\n                            <li style=\"background-image: url('https:\/\/bauersolution.cz\/wp-content\/uploads\/2025\/05\/Prava-uvod-bauer-1-1-1024x768.jpg'\">\r\n                    <a href=\"https:\/\/bauersolution.cz\/de\/news\/slavime-10-let-od-zalozeni-nasi-firmy\/\">\r\n                        <div class=\"info_box\">\r\n                            <h3 class=\"news_title\">Slav\u00edme 10 let od zalo\u017een\u00ed na\u0161\u00ed firmy!<\/h3>\r\n                            <p class=\"desc\">&nbsp; Spole\u010dnost Bauer Solution letos slav\u00ed v\u00fdznamn\u00e9 jubileum \u2013 10...<\/p>\r\n                        <\/div>\r\n                    <\/a>\r\n                <\/li>\r\n                    <\/ul>\r\n        \n\n\n\n<div class=\"wp-block-buttons aligncenter is-layout-flex wp-block-buttons-is-layout-flex\"><\/div>\n","protected":false},"excerpt":{"rendered":"<p>UNSERE DIENSTLEISTUNGEN NACHRICHTEN<\/p>\n","protected":false},"author":1,"featured_media":1020,"parent":0,"menu_order":0,"comment_status":"closed","ping_status":"closed","template":"title_page.php","meta":{"footnotes":""},"class_list":["post-5","page","type-page","status-publish","has-post-thumbnail","hentry"],"_links":{"self":[{"href":"https:\/\/bauersolution.cz\/de\/wp-json\/wp\/v2\/pages\/5","targetHints":{"allow":["GET"]}}],"collection":[{"href":"https:\/\/bauersolution.cz\/de\/wp-json\/wp\/v2\/pages"}],"about":[{"href":"https:\/\/bauersolution.cz\/de\/wp-json\/wp\/v2\/types\/page"}],"author":[{"embeddable":true,"href":"https:\/\/bauersolution.cz\/de\/wp-json\/wp\/v2\/users\/1"}],"replies":[{"embeddable":true,"href":"https:\/\/bauersolution.cz\/de\/wp-json\/wp\/v2\/comments?post=5"}],"version-history":[{"count":223,"href":"https:\/\/bauersolution.cz\/de\/wp-json\/wp\/v2\/pages\/5\/revisions"}],"predecessor-version":[{"id":2082,"href":"https:\/\/bauersolution.cz\/de\/wp-json\/wp\/v2\/pages\/5\/revisions\/2082"}],"wp:featuredmedia":[{"embeddable":true,"href":"https:\/\/bauersolution.cz\/de\/wp-json\/wp\/v2\/media\/1020"}],"wp:attachment":[{"href":"https:\/\/bauersolution.cz\/de\/wp-json\/wp\/v2\/media?parent=5"}],"curies":[{"name":"wp","href":"https:\/\/api.w.org\/{rel}","templated":true}]}}