{"id":20,"date":"2019-02-25T12:17:53","date_gmt":"2019-02-25T11:17:53","guid":{"rendered":"http:\/\/localhost\/bauer\/?page_id=20"},"modified":"2026-02-21T11:51:03","modified_gmt":"2026-02-21T10:51:03","slug":"kontakt","status":"publish","type":"page","link":"https:\/\/bauersolution.cz\/en\/kontakt\/","title":{"rendered":"CONTACT"},"content":{"rendered":"\n<div class=\"wp-block-media-text alignwide is-stacked-on-mobile is-vertically-aligned-center is-image-fill\"><figure class=\"wp-block-media-text__media\" style=\"background-image:url(https:\/\/bauersolution.cz\/wp-content\/uploads\/2020\/09\/Cely-tym36180-1024x768.jpg);background-position:88% 84%\"><img loading=\"lazy\" decoding=\"async\" width=\"1024\" height=\"768\" src=\"https:\/\/bauersolution.cz\/wp-content\/uploads\/2020\/09\/Cely-tym36180-1024x768.jpg\" alt=\"\" class=\"wp-image-928\" srcset=\"https:\/\/bauersolution.cz\/wp-content\/uploads\/2020\/09\/Cely-tym36180-1024x768.jpg 1024w, https:\/\/bauersolution.cz\/wp-content\/uploads\/2020\/09\/Cely-tym36180-300x225.jpg 300w, https:\/\/bauersolution.cz\/wp-content\/uploads\/2020\/09\/Cely-tym36180-768x576.jpg 768w, https:\/\/bauersolution.cz\/wp-content\/uploads\/2020\/09\/Cely-tym36180-1536x1152.jpg 1536w, https:\/\/bauersolution.cz\/wp-content\/uploads\/2020\/09\/Cely-tym36180.jpg 1920w\" sizes=\"auto, (max-width: 1024px) 100vw, 1024px\" \/><\/figure><div class=\"wp-block-media-text__content\">\n<div style=\"height:60px\" aria-hidden=\"true\" class=\"wp-block-spacer\"><\/div>\n\n\n\n<h2 class=\"wp-block-heading\">BAUER Solution s.r.o.<\/h2>\n\n\n\n<p>K&nbsp;Pap\u00edrn\u011b&nbsp;171\/32 |&nbsp;31200 Plze\u0148 \u2013 Bukovec<br>COMPANY ID: 03812472<br>VAT ID: CZ03812472<\/p>\n\n\n\n<p><strong>BANK CONNECTION:<br><\/strong>CZK:279477884\/0300<br>IBAN: CZ41 0300 0000 0002 7947 7884<br>SWIFT: CEKOCZPP<\/p>\n\n\n\n<p>EUR:279565382\/0300<br>IBAN: CZ30 0300 0000 0002 7956 5382<br>SWIFT: CEKOCZPP<\/p>\n\n\n\n<p>The company was registered in the Commercial Register on 19 February 2015 kept at the Regional Court in Pilsen, Section C, Insert 30814.<\/p>\n\n\n\n<div style=\"height:60px\" aria-hidden=\"true\" class=\"wp-block-spacer\"><\/div>\n<\/div><\/div>\n\n\n\n<div style=\"height:100px\" aria-hidden=\"true\" class=\"wp-block-spacer\"><\/div>\n\n\n\n<div class=\"wp-block-columns is-layout-flex wp-container-core-columns-is-layout-9d6595d7 wp-block-columns-is-layout-flex\">\n<div class=\"wp-block-column is-layout-flow wp-block-column-is-layout-flow\">\n<div class=\"wp-block-image\"><figure class=\"aligncenter size-large\"><img loading=\"lazy\" decoding=\"async\" width=\"682\" height=\"1024\" src=\"https:\/\/bauersolution.cz\/wp-content\/uploads\/2020\/09\/Jan-Bauer-682x1024.jpg\" alt=\"\" class=\"wp-image-876\" srcset=\"https:\/\/bauersolution.cz\/wp-content\/uploads\/2020\/09\/Jan-Bauer-682x1024.jpg 682w, https:\/\/bauersolution.cz\/wp-content\/uploads\/2020\/09\/Jan-Bauer-200x300.jpg 200w, https:\/\/bauersolution.cz\/wp-content\/uploads\/2020\/09\/Jan-Bauer-768x1152.jpg 768w, https:\/\/bauersolution.cz\/wp-content\/uploads\/2020\/09\/Jan-Bauer.jpg 853w\" sizes=\"auto, (max-width: 682px) 100vw, 682px\" \/><\/figure><\/div>\n\n\n\n<p><strong><strong>MANAGING DIRECTOR<\/strong><\/strong><br>Jan Bauer<\/p>\n\n\n\n<p>K Pap\u00edrn\u011b 171\/32<br>312 00 Plze\u0148 \u2013 Bukovec<\/p>\n\n\n\n<p>j.bauer@bauersolution.cz<br>Phone: +420 603 151 171<\/p>\n\n\n\n<p>CZ,DE<\/p>\n<\/div>\n\n\n\n<div class=\"wp-block-column is-layout-flow wp-block-column-is-layout-flow\">\n<div class=\"wp-block-image\"><figure class=\"aligncenter size-large\"><img loading=\"lazy\" decoding=\"async\" width=\"682\" height=\"1024\" src=\"https:\/\/bauersolution.cz\/wp-content\/uploads\/2020\/09\/Petr-Mihuljak-682x1024.jpg\" alt=\"\" class=\"wp-image-881\" srcset=\"https:\/\/bauersolution.cz\/wp-content\/uploads\/2020\/09\/Petr-Mihuljak-682x1024.jpg 682w, https:\/\/bauersolution.cz\/wp-content\/uploads\/2020\/09\/Petr-Mihuljak-200x300.jpg 200w, https:\/\/bauersolution.cz\/wp-content\/uploads\/2020\/09\/Petr-Mihuljak-768x1152.jpg 768w, https:\/\/bauersolution.cz\/wp-content\/uploads\/2020\/09\/Petr-Mihuljak.jpg 853w\" sizes=\"auto, (max-width: 682px) 100vw, 682px\" \/><\/figure><\/div>\n\n\n\n<p><strong><strong><strong>RESPONSIBLE TRANSPORT MANAGER<\/strong><\/strong><\/strong><br>Petr Mihuljak<\/p>\n\n\n\n<p>K Pap\u00edrn\u011b 171\/32<br>312 00 Plze\u0148 \u2013 Bukovec<\/p>\n\n\n\n<p>dispobasl@bauersolution.cz<br>Phone: +420 730 154 527<\/p>\n\n\n\n<p>CZ,DE<\/p>\n<\/div>\n\n\n\n<div class=\"wp-block-column is-layout-flow wp-block-column-is-layout-flow\">\n<div class=\"wp-block-image\"><figure class=\"aligncenter size-large\"><img loading=\"lazy\" decoding=\"async\" width=\"682\" height=\"1024\" src=\"https:\/\/bauersolution.cz\/wp-content\/uploads\/2020\/09\/Lenka-Fenclova-682x1024.jpg\" alt=\"\" class=\"wp-image-882\" srcset=\"https:\/\/bauersolution.cz\/wp-content\/uploads\/2020\/09\/Lenka-Fenclova-682x1024.jpg 682w, https:\/\/bauersolution.cz\/wp-content\/uploads\/2020\/09\/Lenka-Fenclova-200x300.jpg 200w, https:\/\/bauersolution.cz\/wp-content\/uploads\/2020\/09\/Lenka-Fenclova-768x1152.jpg 768w, https:\/\/bauersolution.cz\/wp-content\/uploads\/2020\/09\/Lenka-Fenclova.jpg 853w\" sizes=\"auto, (max-width: 682px) 100vw, 682px\" \/><\/figure><\/div>\n\n\n\n<p><strong><strong><strong>RESPONSIBLE COMPANY MANAGER<\/strong><\/strong><\/strong><br>Ing. Lenka Fenclov\u00e1<\/p>\n\n\n\n<p>K Pap\u00edrn\u011b 171\/ 32<br>312 00 Plze\u0148 \u2013 Bukovec<\/p>\n\n\n\n<p>ucetni@bauersolution.cz<br>Phone: +420 724 340 164<\/p>\n\n\n\n<p>CZ,DE,FR,EN<\/p>\n<\/div>\n\n\n\n<div class=\"wp-block-column is-layout-flow wp-block-column-is-layout-flow\">\n<div class=\"wp-block-image\"><figure class=\"aligncenter size-large\"><img loading=\"lazy\" decoding=\"async\" width=\"682\" height=\"1024\" src=\"https:\/\/bauersolution.cz\/wp-content\/uploads\/2020\/09\/Katrin-Labudova-682x1024.jpg\" alt=\"\" class=\"wp-image-883\" srcset=\"https:\/\/bauersolution.cz\/wp-content\/uploads\/2020\/09\/Katrin-Labudova-682x1024.jpg 682w, https:\/\/bauersolution.cz\/wp-content\/uploads\/2020\/09\/Katrin-Labudova-200x300.jpg 200w, https:\/\/bauersolution.cz\/wp-content\/uploads\/2020\/09\/Katrin-Labudova-768x1152.jpg 768w, https:\/\/bauersolution.cz\/wp-content\/uploads\/2020\/09\/Katrin-Labudova.jpg 853w\" sizes=\"auto, (max-width: 682px) 100vw, 682px\" \/><\/figure><\/div>\n\n\n\n<p><strong><strong><strong>HR \/ WAGES \/ ADMINISTRATION<\/strong><\/strong><\/strong><br>Katrin Labudov\u00e1<\/p>\n\n\n\n<p>K Pap\u00edrn\u011b 171\/ 32<br>312 00 Plze\u0148 \u2013 Bukovec<\/p>\n\n\n\n<p>fa@bauersolution.cz<br>Phone: +420 603 882 833<\/p>\n\n\n\n<p>CZ,DE,EN<\/p>\n<\/div>\n<\/div>\n\n\n\n<div class=\"wp-block-columns is-layout-flex wp-container-core-columns-is-layout-9d6595d7 wp-block-columns-is-layout-flex\">\n<div class=\"wp-block-column is-layout-flow wp-block-column-is-layout-flow\">\n<div class=\"wp-block-image\"><figure class=\"aligncenter size-large\"><img loading=\"lazy\" decoding=\"async\" width=\"682\" height=\"1024\" src=\"https:\/\/bauersolution.cz\/wp-content\/uploads\/2020\/09\/Mirka-Bauerova-682x1024.jpg\" alt=\"\" class=\"wp-image-885\" srcset=\"https:\/\/bauersolution.cz\/wp-content\/uploads\/2020\/09\/Mirka-Bauerova-682x1024.jpg 682w, https:\/\/bauersolution.cz\/wp-content\/uploads\/2020\/09\/Mirka-Bauerova-200x300.jpg 200w, https:\/\/bauersolution.cz\/wp-content\/uploads\/2020\/09\/Mirka-Bauerova-768x1152.jpg 768w, https:\/\/bauersolution.cz\/wp-content\/uploads\/2020\/09\/Mirka-Bauerova.jpg 853w\" sizes=\"auto, (max-width: 682px) 100vw, 682px\" \/><\/figure><\/div>\n\n\n\n<p><strong><strong><strong>ECONOMIST \/ TAX RECORD<\/strong><\/strong><\/strong><br>Ing. Miroslava Bauerov\u00e1<\/p>\n\n\n\n<p>K Pap\u00edrn\u011b 171\/ 32<br>312 00 Plze\u0148 \u2013 Bukovec<\/p>\n\n\n\n<p>m.bauer@bauersolution.cz<br>Phone: +420 721 823 563<\/p>\n\n\n\n<p>CZ,DE,EN<\/p>\n<\/div>\n\n\n\n<div class=\"wp-block-column is-layout-flow wp-block-column-is-layout-flow\">\n<div class=\"wp-block-image\"><figure class=\"aligncenter size-large\"><img loading=\"lazy\" decoding=\"async\" width=\"682\" height=\"1024\" src=\"https:\/\/bauersolution.cz\/wp-content\/uploads\/2020\/09\/Jaroslav-Cech-682x1024.jpg\" alt=\"\" class=\"wp-image-886\" srcset=\"https:\/\/bauersolution.cz\/wp-content\/uploads\/2020\/09\/Jaroslav-Cech-682x1024.jpg 682w, https:\/\/bauersolution.cz\/wp-content\/uploads\/2020\/09\/Jaroslav-Cech-200x300.jpg 200w, https:\/\/bauersolution.cz\/wp-content\/uploads\/2020\/09\/Jaroslav-Cech-768x1152.jpg 768w, https:\/\/bauersolution.cz\/wp-content\/uploads\/2020\/09\/Jaroslav-Cech.jpg 853w\" sizes=\"auto, (max-width: 682px) 100vw, 682px\" \/><\/figure><\/div>\n\n\n\n<p><strong><strong>TECHNICIAN<\/strong><\/strong><br>Jaroslav \u010cech<\/p>\n\n\n\n<p>K Pap\u00edrn\u011b 171\/ 32<br>312 00 Plze\u0148 \u2013 Bukovec<\/p>\n\n\n\n<p>technikbasl@bauersolution.cz<br>Phone: +420 702 120 305<\/p>\n\n\n\n<p>CZ,DE<\/p>\n<\/div>\n\n\n\n<div class=\"wp-block-column is-layout-flow wp-block-column-is-layout-flow\"><\/div>\n\n\n\n<div class=\"wp-block-column is-layout-flow wp-block-column-is-layout-flow\"><\/div>\n<\/div>\n","protected":false},"excerpt":{"rendered":"<p>MANAGING DIRECTORJan Bauer K Pap\u00edrn\u011b 171\/32312 00 Plze\u0148 \u2013 Bukovec j.bauer@bauersolution.czPhone: +420 603 151 171 CZ,DE RESPONSIBLE TRANSPORT MANAGERPetr Mihuljak K Pap\u00edrn\u011b 171\/32312 00 Plze\u0148 \u2013 Bukovec dispobasl@bauersolution.czPhone: +420 730 154 527 CZ,DE RESPONSIBLE COMPANY MANAGERIng. Lenka Fenclov\u00e1 K Pap\u00edrn\u011b 171\/ 32312 00 Plze\u0148 \u2013 Bukovec ucetni@bauersolution.czPhone: +420 724 340 164 CZ,DE,FR,EN HR \/ WAGES [&hellip;]<\/p>\n","protected":false},"author":1,"featured_media":0,"parent":0,"menu_order":7,"comment_status":"closed","ping_status":"closed","template":"","meta":{"footnotes":""},"class_list":["post-20","page","type-page","status-publish","hentry"],"_links":{"self":[{"href":"https:\/\/bauersolution.cz\/en\/wp-json\/wp\/v2\/pages\/20","targetHints":{"allow":["GET"]}}],"collection":[{"href":"https:\/\/bauersolution.cz\/en\/wp-json\/wp\/v2\/pages"}],"about":[{"href":"https:\/\/bauersolution.cz\/en\/wp-json\/wp\/v2\/types\/page"}],"author":[{"embeddable":true,"href":"https:\/\/bauersolution.cz\/en\/wp-json\/wp\/v2\/users\/1"}],"replies":[{"embeddable":true,"href":"https:\/\/bauersolution.cz\/en\/wp-json\/wp\/v2\/comments?post=20"}],"version-history":[{"count":364,"href":"https:\/\/bauersolution.cz\/en\/wp-json\/wp\/v2\/pages\/20\/revisions"}],"predecessor-version":[{"id":2227,"href":"https:\/\/bauersolution.cz\/en\/wp-json\/wp\/v2\/pages\/20\/revisions\/2227"}],"wp:attachment":[{"href":"https:\/\/bauersolution.cz\/en\/wp-json\/wp\/v2\/media?parent=20"}],"curies":[{"name":"wp","href":"https:\/\/api.w.org\/{rel}","templated":true}]}}